{"id":3188,"date":"2022-10-30T20:16:21","date_gmt":"2022-10-30T20:16:21","guid":{"rendered":"https:\/\/react4med.eu\/acceuil\/"},"modified":"2024-03-26T13:50:12","modified_gmt":"2024-03-26T13:50:12","slug":"acceuil","status":"publish","type":"page","link":"https:\/\/react4med.eu\/fr\/","title":{"rendered":"Acceuil"},"content":{"rendered":"\t\t<div data-elementor-type=\"wp-page\" data-elementor-id=\"3188\" class=\"elementor elementor-3188 elementor-2137\">\n\t\t\t\t\t\t<div class=\"elementor-section elementor-top-section elementor-element elementor-element-2ffbec9 elementor-section-full_width elementor-section-height-default elementor-section-height-default\" data-id=\"2ffbec9\" data-element_type=\"section\" data-e-type=\"section\">\n\t\t\t\t\t\t<div class=\"elementor-container elementor-column-gap-no\">\n\t\t\t\t\t<div class=\"elementor-column elementor-col-100 elementor-top-column elementor-element elementor-element-0d7ceab\" data-id=\"0d7ceab\" data-element_type=\"column\" data-e-type=\"column\">\n\t\t\t<div class=\"elementor-widget-wrap elementor-element-populated\">\n\t\t\t\t\t\t<div class=\"elementor-element elementor-element-6e47869 elementor-widget elementor-widget-sosso-home-slider\" data-id=\"6e47869\" data-element_type=\"widget\" data-e-type=\"widget\" data-widget_type=\"sosso-home-slider.default\">\n\t\t\t\t<div class=\"elementor-widget-container\">\n\t\t\t\t\t<section class=\"banner-area\" data-autoplay=\"false\" data-autospeed=\"\"><div class=\"banner-item bg_cover\" style=\"background-image: url(https:\/\/react4med.eu\/wp-content\/uploads\/2022\/07\/olive-farm-erosion.jpg)\"><div class=\"container\"><div class=\"row\"><div class=\"col-lg-9\"><div class=\"banner-content\"><span>Land degradation and desertification<\/span><h1 class=\"title\">... are major threats for the Mediterranean ecosystems<\/h1><p>How should we react?<\/p><ul><li><a href=\"https:\/\/react4med.eu\/the-project\/\" class=\"main-btn\" >See Our Pilot Areas <i class=\"far fa-plus\"><\/i><\/a><\/li><\/ul><\/div><\/div><\/div><\/div><\/div><div class=\"banner-item bg_cover\" style=\"background-image: url(https:\/\/react4med.eu\/wp-content\/uploads\/2022\/07\/olive-trees-2021-08-26-16-29-59-utc-scaled.jpg)\"><div class=\"container\"><div class=\"row\"><div class=\"col-lg-9\"><div class=\"banner-content\"><span>Sustainable Land and Water Management<\/span><h1 class=\"title\">... bring economic and social benefits and enhance ecosystem services<\/h1><p><\/p><ul><li><a href=\"https:\/\/react4med.eu\/impact\/\" class=\"main-btn\" >See Our Impact <i class=\"far fa-plus\"><\/i><\/a><\/li><\/ul><\/div><\/div><\/div><\/div><\/div><\/section>\t\t\t\t<\/div>\n\t\t\t\t<\/div>\n\t\t\t\t\t<\/div>\n\t\t<\/div>\n\t\t\t\t\t<\/div>\n\t\t<\/div>\n\t\t\t\t<section class=\"elementor-section elementor-top-section elementor-element elementor-element-eeca422 elementor-section-boxed elementor-section-height-default elementor-section-height-default\" data-id=\"eeca422\" data-element_type=\"section\" data-e-type=\"section\">\n\t\t\t\t\t\t<div class=\"elementor-container elementor-column-gap-default\">\n\t\t\t\t\t<div class=\"elementor-column elementor-col-100 elementor-top-column elementor-element elementor-element-6948a90\" data-id=\"6948a90\" data-element_type=\"column\" data-e-type=\"column\">\n\t\t\t<div class=\"elementor-widget-wrap elementor-element-populated\">\n\t\t\t\t\t\t<div class=\"elementor-element elementor-element-09f1ab1 elementor-widget elementor-widget-sosso-custom-title\" data-id=\"09f1ab1\" data-element_type=\"widget\" data-e-type=\"widget\" data-widget_type=\"sosso-custom-title.default\">\n\t\t\t\t<div class=\"elementor-widget-container\">\n\t\t\t\t\t<div class=\"klb-custom-title\"><span>Key performance indicators<\/span><h3 class=\"title\">Expected REACT4MED Outputs<\/h3><\/div>\t\t\t\t<\/div>\n\t\t\t\t<\/div>\n\t\t\t\t\t<\/div>\n\t\t<\/div>\n\t\t\t\t\t<\/div>\n\t\t<\/section>\n\t\t\t\t<section class=\"elementor-section elementor-top-section elementor-element elementor-element-dc09caa elementor-section-boxed elementor-section-height-default elementor-section-height-default\" data-id=\"dc09caa\" data-element_type=\"section\" data-e-type=\"section\">\n\t\t\t\t\t\t<div class=\"elementor-container elementor-column-gap-default\">\n\t\t\t\t\t<div class=\"elementor-column elementor-col-25 elementor-top-column elementor-element elementor-element-f39fb07\" data-id=\"f39fb07\" data-element_type=\"column\" data-e-type=\"column\">\n\t\t\t<div class=\"elementor-widget-wrap elementor-element-populated\">\n\t\t\t\t\t\t<div class=\"elementor-element elementor-element-7e5636c elementor-widget elementor-widget-heading\" data-id=\"7e5636c\" data-element_type=\"widget\" data-e-type=\"widget\" data-widget_type=\"heading.default\">\n\t\t\t\t<div class=\"elementor-widget-container\">\n\t\t\t\t\t<h5 class=\"elementor-heading-title elementor-size-default\">Terrains d\u00e9grad\u00e9s restaur\u00e9s<\/h5>\t\t\t\t<\/div>\n\t\t\t\t<\/div>\n\t\t\t\t<div class=\"elementor-element elementor-element-e404caa elementor-widget elementor-widget-sosso-counter-box\" data-id=\"e404caa\" data-element_type=\"widget\" data-e-type=\"widget\" data-widget_type=\"sosso-counter-box.default\">\n\t\t\t\t<div class=\"elementor-widget-container\">\n\t\t\t\t\t<div class=\"features-counter text-center text-sm-left\"><span>Square km affected by the REACT4MED restoration actions\n<\/span><h3 class=\"title counter klb-counter\">2000<\/h3><i class=\"fa-rotate-180 fa fa-undo\"><\/i><\/div>\t\t\t\t<\/div>\n\t\t\t\t<\/div>\n\t\t\t\t\t<\/div>\n\t\t<\/div>\n\t\t\t\t<div class=\"elementor-column elementor-col-25 elementor-top-column elementor-element elementor-element-a468735\" data-id=\"a468735\" data-element_type=\"column\" data-e-type=\"column\">\n\t\t\t<div class=\"elementor-widget-wrap elementor-element-populated\">\n\t\t\t\t\t\t<div class=\"elementor-element elementor-element-861b64b elementor-widget elementor-widget-heading\" data-id=\"861b64b\" data-element_type=\"widget\" data-e-type=\"widget\" data-widget_type=\"heading.default\">\n\t\t\t\t<div class=\"elementor-widget-container\">\n\t\t\t\t\t<h5 class=\"elementor-heading-title elementor-size-default\">Solutions promues<\/h5>\t\t\t\t<\/div>\n\t\t\t\t<\/div>\n\t\t\t\t<div class=\"elementor-element elementor-element-a020625 elementor-widget elementor-widget-sosso-counter-box\" data-id=\"a020625\" data-element_type=\"widget\" data-e-type=\"widget\" data-widget_type=\"sosso-counter-box.default\">\n\t\t\t\t<div class=\"elementor-widget-container\">\n\t\t\t\t\t<div class=\"features-counter text-center text-sm-left\"><span>Proven, cost-effective solutions promoted and invested in\n<\/span><h3 class=\"title counter klb-counter\">8<\/h3><i class=\"fa fa-lightbulb-o\"><\/i><\/div>\t\t\t\t<\/div>\n\t\t\t\t<\/div>\n\t\t\t\t\t<\/div>\n\t\t<\/div>\n\t\t\t\t<div class=\"elementor-column elementor-col-25 elementor-top-column elementor-element elementor-element-e9a3eb6\" data-id=\"e9a3eb6\" data-element_type=\"column\" data-e-type=\"column\">\n\t\t\t<div class=\"elementor-widget-wrap elementor-element-populated\">\n\t\t\t\t\t\t<div class=\"elementor-element elementor-element-1660c7e elementor-widget elementor-widget-heading\" data-id=\"1660c7e\" data-element_type=\"widget\" data-e-type=\"widget\" data-widget_type=\"heading.default\">\n\t\t\t\t<div class=\"elementor-widget-container\">\n\t\t\t\t\t<h5 class=\"elementor-heading-title elementor-size-default\">Ev\u00e9nements de renforcement des capacit\u00e9s<\/h5>\t\t\t\t<\/div>\n\t\t\t\t<\/div>\n\t\t\t\t<div class=\"elementor-element elementor-element-f8acc75 elementor-widget elementor-widget-sosso-counter-box\" data-id=\"f8acc75\" data-element_type=\"widget\" data-e-type=\"widget\" data-widget_type=\"sosso-counter-box.default\">\n\t\t\t\t<div class=\"elementor-widget-container\">\n\t\t\t\t\t<div class=\"features-counter text-center text-sm-left\"><span>Capacity building events for SLWM and soil restoration \n<\/span><h3 class=\"title counter klb-counter\">32<\/h3><i class=\"fa fa-battery-three-quarters\"><\/i><\/div>\t\t\t\t<\/div>\n\t\t\t\t<\/div>\n\t\t\t\t\t<\/div>\n\t\t<\/div>\n\t\t\t\t<div class=\"elementor-column elementor-col-25 elementor-top-column elementor-element elementor-element-5709071\" data-id=\"5709071\" data-element_type=\"column\" data-e-type=\"column\">\n\t\t\t<div class=\"elementor-widget-wrap elementor-element-populated\">\n\t\t\t\t\t\t<div class=\"elementor-element elementor-element-d728f08 elementor-widget elementor-widget-heading\" data-id=\"d728f08\" data-element_type=\"widget\" data-e-type=\"widget\" data-widget_type=\"heading.default\">\n\t\t\t\t<div class=\"elementor-widget-container\">\n\t\t\t\t\t<h5 class=\"elementor-heading-title elementor-size-default\">Emancipation<\/h5>\t\t\t\t<\/div>\n\t\t\t\t<\/div>\n\t\t\t\t<div class=\"elementor-element elementor-element-a034491 elementor-widget elementor-widget-sosso-counter-box\" data-id=\"a034491\" data-element_type=\"widget\" data-e-type=\"widget\" data-widget_type=\"sosso-counter-box.default\">\n\t\t\t\t<div class=\"elementor-widget-container\">\n\t\t\t\t\t<div class=\"klb-counter2\"><span><span class=\"counter\">50<\/span>%<\/span><p>Youth empowered \n<\/p><\/div>\t\t\t\t<\/div>\n\t\t\t\t<\/div>\n\t\t\t\t\t<\/div>\n\t\t<\/div>\n\t\t\t\t\t<\/div>\n\t\t<\/section>\n\t\t\t\t<section class=\"elementor-section elementor-top-section elementor-element elementor-element-5c55ab7 elementor-section-boxed elementor-section-height-default elementor-section-height-default\" data-id=\"5c55ab7\" data-element_type=\"section\" data-e-type=\"section\">\n\t\t\t\t\t\t<div class=\"elementor-container elementor-column-gap-default\">\n\t\t\t\t\t<div class=\"elementor-column elementor-col-25 elementor-top-column elementor-element elementor-element-d26d75b\" data-id=\"d26d75b\" data-element_type=\"column\" data-e-type=\"column\">\n\t\t\t<div class=\"elementor-widget-wrap elementor-element-populated\">\n\t\t\t\t\t\t<div class=\"elementor-element elementor-element-6b7371c elementor-widget elementor-widget-heading\" data-id=\"6b7371c\" data-element_type=\"widget\" data-e-type=\"widget\" data-widget_type=\"heading.default\">\n\t\t\t\t<div class=\"elementor-widget-container\">\n\t\t\t\t\t<h5 class=\"elementor-heading-title elementor-size-default\">Produits de diffusion<\/h5>\t\t\t\t<\/div>\n\t\t\t\t<\/div>\n\t\t\t\t<div class=\"elementor-element elementor-element-1678a95 elementor-widget elementor-widget-sosso-counter-box\" data-id=\"1678a95\" data-element_type=\"widget\" data-e-type=\"widget\" data-widget_type=\"sosso-counter-box.default\">\n\t\t\t\t<div class=\"elementor-widget-container\">\n\t\t\t\t\t<div class=\"features-counter text-center text-sm-left\"><span>Products for stakeholders outside REACT4MED\n<\/span><h3 class=\"title counter klb-counter\">10<\/h3><i class=\"fa fa-bullhorn\"><\/i><\/div>\t\t\t\t<\/div>\n\t\t\t\t<\/div>\n\t\t\t\t\t<\/div>\n\t\t<\/div>\n\t\t\t\t<div class=\"elementor-column elementor-col-25 elementor-top-column elementor-element elementor-element-ab77afa\" data-id=\"ab77afa\" data-element_type=\"column\" data-e-type=\"column\">\n\t\t\t<div class=\"elementor-widget-wrap elementor-element-populated\">\n\t\t\t\t\t\t<div class=\"elementor-element elementor-element-84ad427 elementor-widget elementor-widget-heading\" data-id=\"84ad427\" data-element_type=\"widget\" data-e-type=\"widget\" data-widget_type=\"heading.default\">\n\t\t\t\t<div class=\"elementor-widget-container\">\n\t\t\t\t\t<h5 class=\"elementor-heading-title elementor-size-default\">Outils d'aide \u00e0 la d\u00e9cision inclus dans LanDS<\/h5>\t\t\t\t<\/div>\n\t\t\t\t<\/div>\n\t\t\t\t<div class=\"elementor-element elementor-element-b623853 elementor-widget elementor-widget-sosso-counter-box\" data-id=\"b623853\" data-element_type=\"widget\" data-e-type=\"widget\" data-widget_type=\"sosso-counter-box.default\">\n\t\t\t\t<div class=\"elementor-widget-container\">\n\t\t\t\t\t<div class=\"features-counter text-center text-sm-left\"><span>Decision support tools included in LanDS<\/span><h3 class=\"title counter klb-counter\">5<\/h3><i class=\"fa fa-cogs \"><\/i><\/div>\t\t\t\t<\/div>\n\t\t\t\t<\/div>\n\t\t\t\t\t<\/div>\n\t\t<\/div>\n\t\t\t\t<div class=\"elementor-column elementor-col-25 elementor-top-column elementor-element elementor-element-b8b2c11\" data-id=\"b8b2c11\" data-element_type=\"column\" data-e-type=\"column\">\n\t\t\t<div class=\"elementor-widget-wrap elementor-element-populated\">\n\t\t\t\t\t\t<div class=\"elementor-element elementor-element-90b7ab3 elementor-widget elementor-widget-heading\" data-id=\"90b7ab3\" data-element_type=\"widget\" data-e-type=\"widget\" data-widget_type=\"heading.default\">\n\t\t\t\t<div class=\"elementor-widget-container\">\n\t\t\t\t\t<h5 class=\"elementor-heading-title elementor-size-default\">Investisseurs potentiels<\/h5>\t\t\t\t<\/div>\n\t\t\t\t<\/div>\n\t\t\t\t<div class=\"elementor-element elementor-element-e9c3ff8 elementor-widget elementor-widget-sosso-counter-box\" data-id=\"e9c3ff8\" data-element_type=\"widget\" data-e-type=\"widget\" data-widget_type=\"sosso-counter-box.default\">\n\t\t\t\t<div class=\"elementor-widget-container\">\n\t\t\t\t\t<div class=\"features-counter text-center text-sm-left\"><span>Stakeholders considering SLWM investment\n<\/span><h3 class=\"title counter klb-counter\">80<\/h3><i class=\"fa fa-rocket\"><\/i><\/div>\t\t\t\t<\/div>\n\t\t\t\t<\/div>\n\t\t\t\t\t<\/div>\n\t\t<\/div>\n\t\t\t\t<div class=\"elementor-column elementor-col-25 elementor-top-column elementor-element elementor-element-9638f1d\" data-id=\"9638f1d\" data-element_type=\"column\" data-e-type=\"column\">\n\t\t\t<div class=\"elementor-widget-wrap elementor-element-populated\">\n\t\t\t\t\t\t<div class=\"elementor-element elementor-element-8f99902 elementor-widget elementor-widget-sosso-counter-box\" data-id=\"8f99902\" data-element_type=\"widget\" data-e-type=\"widget\" data-widget_type=\"sosso-counter-box.default\">\n\t\t\t\t<div class=\"elementor-widget-container\">\n\t\t\t\t\t<div class=\"klb-counter2\"><span><span class=\"counter\">25<\/span>%<\/span><p>Female empowered \n<\/p><\/div>\t\t\t\t<\/div>\n\t\t\t\t<\/div>\n\t\t\t\t\t<\/div>\n\t\t<\/div>\n\t\t\t\t\t<\/div>\n\t\t<\/section>\n\t\t\t\t<div class=\"elementor-section elementor-top-section elementor-element elementor-element-0c258a1 elementor-section-full_width elementor-section-height-default elementor-section-height-default\" data-id=\"0c258a1\" data-element_type=\"section\" data-e-type=\"section\">\n\t\t\t\t\t\t<div class=\"elementor-container elementor-column-gap-no\">\n\t\t\t\t\t<div class=\"elementor-column elementor-col-100 elementor-top-column elementor-element elementor-element-4e002e3\" data-id=\"4e002e3\" data-element_type=\"column\" data-e-type=\"column\">\n\t\t\t<div class=\"elementor-widget-wrap\">\n\t\t\t\t\t\t\t<\/div>\n\t\t<\/div>\n\t\t\t\t\t<\/div>\n\t\t<\/div>\n\t\t\t\t<section class=\"elementor-section elementor-top-section elementor-element elementor-element-90e619d elementor-section-full_width elementor-section-height-default elementor-section-height-default\" data-id=\"90e619d\" data-element_type=\"section\" data-e-type=\"section\">\n\t\t\t\t\t\t<div class=\"elementor-container elementor-column-gap-default\">\n\t\t\t\t\t<div class=\"elementor-column elementor-col-100 elementor-top-column elementor-element elementor-element-f0f6f16\" data-id=\"f0f6f16\" data-element_type=\"column\" data-e-type=\"column\">\n\t\t\t<div class=\"elementor-widget-wrap elementor-element-populated\">\n\t\t\t\t\t\t<div class=\"elementor-element elementor-element-100cc8a lae-slider-arrow-color-light lae-slider-arrow-placement-middle-center lae-slider-arrow-shape-circle lae-slider-arrow-visibility-always elementor-widget elementor-widget-lae-posts-slider\" data-id=\"100cc8a\" data-element_type=\"widget\" data-e-type=\"widget\" data-widget_type=\"lae-posts-slider.default\">\n\t\t\t\t<div class=\"elementor-widget-container\">\n\t\t\t\t\t\n<div class=\"lae-posts-slider-wrap\">\n    <div            id=\"lae-posts-slider-100cc8a\"\n            class=\"lae-posts-slider lae-container lae-posts-slider-style-1\"\n            data-settings='{&quot;slider_id&quot;:&quot;100cc8a&quot;,&quot;arrows&quot;:true,&quot;dots&quot;:false,&quot;autoplay&quot;:true,&quot;autoplay_speed&quot;:3000,&quot;animation_speed&quot;:300,&quot;pause_on_hover&quot;:true,&quot;center_mode&quot;:false,&quot;center_padding&quot;:15,&quot;adaptive_height&quot;:false,&quot;thumbnail_nav&quot;:false}'>\n<div data-id=\"id-3290\" class=\"lae-posts-slider-item\">\n\n    <article id=\"post-3290\"\n             class=\"lae-post-entry post-3290 post type-post status-publish format-standard has-post-thumbnail hentry category-nouvelles\">\n\n        \n            \n                <a class=\"lae-post-link-overlay\"\n                   href=\"https:\/\/react4med.eu\/fr\/react4med-finance-par-prima\/\"\n                   target=\"\"><\/a>\n\n            \n            \n            \n            <div class=\"lae-post-overlay lae-post-featured-img-bg\" style=\"background-image: url(https:\/\/react4med.eu\/wp-content\/uploads\/2022\/07\/soon_background.fw_.png); height: 700px;\">\n\n                \n                    <div class=\"lae-post-text-wrap\">\n\n                        <div class=\"lae-post-text\">\n\n                            \n                                <span class=\"lae-terms\"><a href=\"https:\/\/react4med.eu\/fr\/category\/nouvelles\/\">Nouvelles<\/a><\/span>\n                            \n                            \n                                <h3 class=\"lae-post-title\"><a href=\"https:\/\/react4med.eu\/fr\/react4med-finance-par-prima\/\" title=\"REACT4MED financ\u00e9 par PRIMA\" rel=\"bookmark\">REACT4MED financ\u00e9 par PRIMA<\/a><\/h3>\n                            \n                            \n                                <div class=\"lae-post-meta\">\n\n                                    \n                                    \n                                        \n<span class=\"published\">\n    <abbr title=\"lundi, novembre, 2021, 4:49 pm\">novembre 22, 2021<\/abbr>\n<\/span>\n\n                                    \n                                    \n                                        \n<span class=\"lae-comments\">No Comments<\/span>\n                                    \n                                <\/div>\n\n                            \n                            \n                            \n                        <\/div><!-- .lae-post-info -->\n\n                    <\/div>\n\n                \n            <\/div>\n\n        \n    <\/article><!-- .hentry -->\n\n<\/div><!-- .lae-posts-slider-item -->\n\n\n    <\/div><!-- .lae-posts-slider -->\n\n    \n<\/div><!-- .lae-posts-slider-wrap -->\t\t\t\t<\/div>\n\t\t\t\t<\/div>\n\t\t\t\t\t<\/div>\n\t\t<\/div>\n\t\t\t\t\t<\/div>\n\t\t<\/section>\n\t\t\t\t<section class=\"elementor-section elementor-top-section elementor-element elementor-element-cde3a62 elementor-section-boxed elementor-section-height-default elementor-section-height-default\" data-id=\"cde3a62\" data-element_type=\"section\" data-e-type=\"section\">\n\t\t\t\t\t\t<div class=\"elementor-container elementor-column-gap-default\">\n\t\t\t\t\t<div class=\"elementor-column elementor-col-100 elementor-top-column elementor-element elementor-element-cb595ad\" data-id=\"cb595ad\" data-element_type=\"column\" data-e-type=\"column\">\n\t\t\t<div class=\"elementor-widget-wrap elementor-element-populated\">\n\t\t\t\t\t\t<div class=\"elementor-element elementor-element-0f77dbd elementor-widget elementor-widget-sosso-custom-title\" data-id=\"0f77dbd\" data-element_type=\"widget\" data-e-type=\"widget\" data-widget_type=\"sosso-custom-title.default\">\n\t\t\t\t<div class=\"elementor-widget-container\">\n\t\t\t\t\t<div class=\"klb-custom-title\"><span>Stay updated<\/span><h3 class=\"title\">Follow us on the social media<\/h3><\/div>\t\t\t\t<\/div>\n\t\t\t\t<\/div>\n\t\t\t\t<div class=\"elementor-element elementor-element-5a83ca6 elementor-widget elementor-widget-shortcode\" data-id=\"5a83ca6\" data-element_type=\"widget\" data-e-type=\"widget\" data-widget_type=\"shortcode.default\">\n\t\t\t\t<div class=\"elementor-widget-container\">\n\t\t\t\t\t\t\t<div class=\"elementor-shortcode\">[custom-twitter-feeds feed=1]<\/div>\n\t\t\t\t\t\t<\/div>\n\t\t\t\t<\/div>\n\t\t\t\t\t<\/div>\n\t\t<\/div>\n\t\t\t\t\t<\/div>\n\t\t<\/section>\n\t\t\t\t<\/div>\n\t\t","protected":false},"excerpt":{"rendered":"<p>Land degradation and desertification &#8230; are major threats for the Mediterranean ecosystems How should we react? See Our Pilot Areas Sustainable Land and Water Management &#8230; bring economic and social<\/p>\n<div class=\"read-more\"><a href=\"https:\/\/react4med.eu\/fr\/\"><i class=\"fal fa-arrow-right\"><\/i>Read More<\/a><\/div>\n","protected":false},"author":1,"featured_media":0,"parent":0,"menu_order":0,"comment_status":"closed","ping_status":"closed","template":"","meta":{"footnotes":""},"class_list":["post-3188","page","type-page","status-publish","hentry"],"_links":{"self":[{"href":"https:\/\/react4med.eu\/fr\/wp-json\/wp\/v2\/pages\/3188","targetHints":{"allow":["GET"]}}],"collection":[{"href":"https:\/\/react4med.eu\/fr\/wp-json\/wp\/v2\/pages"}],"about":[{"href":"https:\/\/react4med.eu\/fr\/wp-json\/wp\/v2\/types\/page"}],"author":[{"embeddable":true,"href":"https:\/\/react4med.eu\/fr\/wp-json\/wp\/v2\/users\/1"}],"replies":[{"embeddable":true,"href":"https:\/\/react4med.eu\/fr\/wp-json\/wp\/v2\/comments?post=3188"}],"version-history":[{"count":1,"href":"https:\/\/react4med.eu\/fr\/wp-json\/wp\/v2\/pages\/3188\/revisions"}],"predecessor-version":[{"id":3189,"href":"https:\/\/react4med.eu\/fr\/wp-json\/wp\/v2\/pages\/3188\/revisions\/3189"}],"wp:attachment":[{"href":"https:\/\/react4med.eu\/fr\/wp-json\/wp\/v2\/media?parent=3188"}],"curies":[{"name":"wp","href":"https:\/\/api.w.org\/{rel}","templated":true}]}}