{"id":3158,"date":"2022-07-30T14:17:06","date_gmt":"2022-07-30T14:17:06","guid":{"rendered":"https:\/\/react4med.eu\/el-proyecto\/"},"modified":"2024-03-24T16:46:46","modified_gmt":"2024-03-24T16:46:46","slug":"el-proyecto","status":"publish","type":"page","link":"https:\/\/react4med.eu\/es\/el-proyecto\/","title":{"rendered":"El proyecto"},"content":{"rendered":"\t\t<div data-elementor-type=\"wp-page\" data-elementor-id=\"3158\" class=\"elementor elementor-3158 elementor-1282\">\n\t\t\t\t\t\t<section class=\"elementor-section elementor-top-section elementor-element elementor-element-8259a71 elementor-section-boxed elementor-section-height-default elementor-section-height-default\" data-id=\"8259a71\" data-element_type=\"section\" data-e-type=\"section\">\n\t\t\t\t\t\t<div class=\"elementor-container elementor-column-gap-default\">\n\t\t\t\t\t<div class=\"elementor-column elementor-col-100 elementor-top-column elementor-element elementor-element-04d6a52\" data-id=\"04d6a52\" data-element_type=\"column\" data-e-type=\"column\">\n\t\t\t<div class=\"elementor-widget-wrap elementor-element-populated\">\n\t\t\t\t\t\t<div class=\"elementor-element elementor-element-b95f09c elementor-widget elementor-widget-heading\" data-id=\"b95f09c\" data-element_type=\"widget\" data-e-type=\"widget\" data-widget_type=\"heading.default\">\n\t\t\t\t<div class=\"elementor-widget-container\">\n\t\t\t\t\t<h2 class=\"elementor-heading-title elementor-size-default\">Acerca de REACT4MED<\/h2>\t\t\t\t<\/div>\n\t\t\t\t<\/div>\n\t\t\t\t\t<\/div>\n\t\t<\/div>\n\t\t\t\t\t<\/div>\n\t\t<\/section>\n\t\t\t\t<section class=\"elementor-section elementor-top-section elementor-element elementor-element-085e294 elementor-section-boxed elementor-section-height-default elementor-section-height-default\" data-id=\"085e294\" data-element_type=\"section\" data-e-type=\"section\">\n\t\t\t\t\t\t<div class=\"elementor-container elementor-column-gap-default\">\n\t\t\t\t\t<div class=\"elementor-column elementor-col-50 elementor-top-column elementor-element elementor-element-c28d6e8\" data-id=\"c28d6e8\" data-element_type=\"column\" data-e-type=\"column\">\n\t\t\t<div class=\"elementor-widget-wrap elementor-element-populated\">\n\t\t\t\t\t\t<div class=\"elementor-element elementor-element-4043c04 elementor-widget elementor-widget-text-editor\" data-id=\"4043c04\" data-element_type=\"widget\" data-e-type=\"widget\" data-widget_type=\"text-editor.default\">\n\t\t\t\t<div class=\"elementor-widget-container\">\n\t\t\t\t\t\t\t\t\t<p>La degradaci\u00f3n de la tierra y la desertificaci\u00f3n son amenazas importantes para el presente y el futuro de los agroecosistemas \u00e1ridos y semi\u00e1ridos del Mediterr\u00e1neo. La presi\u00f3n antropog\u00e9nica a largo plazo sobre las tierras forestales y agr\u00edcolas, combinada con factores abi\u00f3ticos y frecuentes fen\u00f3menos extremos, crean un entorno de vida incierto e inestable que puede conducir a la pobreza y forzar la migraci\u00f3n nacional e incluso transfronteriza. Junto con la degradaci\u00f3n de la tierra, la expansi\u00f3n acelerada de las tierras secas que se produce en el punto cr\u00edtico del cambio clim\u00e1tico del Mediterr\u00e1neo amenaza los sistemas biol\u00f3gicos y los recursos naturales que sustentan la agricultura y los bosques.<\/p>\n\t\t\t\t\t\t\t\t<\/div>\n\t\t\t\t<\/div>\n\t\t\t\t\t<\/div>\n\t\t<\/div>\n\t\t\t\t<div class=\"elementor-column elementor-col-50 elementor-top-column elementor-element elementor-element-9c5920a\" data-id=\"9c5920a\" data-element_type=\"column\" data-e-type=\"column\">\n\t\t\t<div class=\"elementor-widget-wrap elementor-element-populated\">\n\t\t\t\t\t\t<div class=\"elementor-element elementor-element-389b839 elementor-widget elementor-widget-image\" data-id=\"389b839\" data-element_type=\"widget\" data-e-type=\"widget\" data-widget_type=\"image.default\">\n\t\t\t\t<div class=\"elementor-widget-container\">\n\t\t\t\t\t\t\t\t\t\t\t\t\t\t\t<img fetchpriority=\"high\" decoding=\"async\" width=\"960\" height=\"756\" src=\"https:\/\/react4med.eu\/wp-content\/uploads\/2022\/07\/figure_A_website-1024x806.jpg\" class=\"attachment-large size-large wp-image-1284\" alt=\"\" srcset=\"https:\/\/react4med.eu\/wp-content\/uploads\/2022\/07\/figure_A_website-1024x806.jpg 1024w, https:\/\/react4med.eu\/wp-content\/uploads\/2022\/07\/figure_A_website-300x236.jpg 300w, https:\/\/react4med.eu\/wp-content\/uploads\/2022\/07\/figure_A_website-768x604.jpg 768w, https:\/\/react4med.eu\/wp-content\/uploads\/2022\/07\/figure_A_website-600x472.jpg 600w, https:\/\/react4med.eu\/wp-content\/uploads\/2022\/07\/figure_A_website-69x54.jpg 69w, https:\/\/react4med.eu\/wp-content\/uploads\/2022\/07\/figure_A_website.jpg 1338w\" sizes=\"(max-width: 960px) 100vw, 960px\" \/>\t\t\t\t\t\t\t\t\t\t\t\t\t\t\t<\/div>\n\t\t\t\t<\/div>\n\t\t\t\t\t<\/div>\n\t\t<\/div>\n\t\t\t\t\t<\/div>\n\t\t<\/section>\n\t\t\t\t<section class=\"elementor-section elementor-top-section elementor-element elementor-element-de54f53 elementor-section-boxed elementor-section-height-default elementor-section-height-default\" data-id=\"de54f53\" data-element_type=\"section\" data-e-type=\"section\">\n\t\t\t\t\t\t<div class=\"elementor-container elementor-column-gap-default\">\n\t\t\t\t\t<div class=\"elementor-column elementor-col-100 elementor-top-column elementor-element elementor-element-257e82d\" data-id=\"257e82d\" data-element_type=\"column\" data-e-type=\"column\">\n\t\t\t<div class=\"elementor-widget-wrap elementor-element-populated\">\n\t\t\t\t\t\t<div class=\"elementor-element elementor-element-03ec9bf elementor-widget elementor-widget-heading\" data-id=\"03ec9bf\" data-element_type=\"widget\" data-e-type=\"widget\" data-widget_type=\"heading.default\">\n\t\t\t\t<div class=\"elementor-widget-container\">\n\t\t\t\t\t<h2 class=\"elementor-heading-title elementor-size-default\">Las \u00e1reas piloto de REACT4MED<\/h2>\t\t\t\t<\/div>\n\t\t\t\t<\/div>\n\t\t\t\t\t<\/div>\n\t\t<\/div>\n\t\t\t\t\t<\/div>\n\t\t<\/section>\n\t\t\t\t<section class=\"elementor-section elementor-top-section elementor-element elementor-element-9f4481e elementor-section-boxed elementor-section-height-default elementor-section-height-default\" data-id=\"9f4481e\" data-element_type=\"section\" data-e-type=\"section\">\n\t\t\t\t\t\t<div class=\"elementor-container elementor-column-gap-default\">\n\t\t\t\t\t<div class=\"elementor-column elementor-col-100 elementor-top-column elementor-element elementor-element-4e73236\" data-id=\"4e73236\" data-element_type=\"column\" data-e-type=\"column\">\n\t\t\t<div class=\"elementor-widget-wrap elementor-element-populated\">\n\t\t\t\t\t\t<div class=\"elementor-element elementor-element-2b376df elementor-widget elementor-widget-text-editor\" data-id=\"2b376df\" data-element_type=\"widget\" data-e-type=\"widget\" data-widget_type=\"text-editor.default\">\n\t\t\t\t<div class=\"elementor-widget-container\">\n\t\t\t\t\t\t\t\t\t<p>En todo el Mediterr\u00e1neo, se han seleccionado espec\u00edficamente ocho \u00e1reas piloto en Turqu\u00eda, Marruecos, Israel, Egipto, Chipre, Grecia, Espa\u00f1a e Italia por su capacidad para implementar acciones de restauraci\u00f3n de la degradaci\u00f3n de la tierra a gran escala iniciadas y monitoreadas durante la vida del proyecto, y la Se establecer\u00e1n las bases para el apoyo org\u00e1nico despu\u00e9s de la vida \u00fatil del proyecto. Las acciones de restauraci\u00f3n combatir\u00e1n la erosi\u00f3n del suelo por el agua (por ejemplo, agricultura de conservaci\u00f3n (MO), terrazas (CY), cultivos de cobertura (ES), forestaci\u00f3n (GR), tecnolog\u00eda de riego (IT)), salinizaci\u00f3n del suelo (por ejemplo, enmiendas del suelo (TR) , tecnolog\u00eda de riego (IT, TR, MO)) y p\u00e9rdida de biodiversidad (IL, GR).<\/p>\n\t\t\t\t\t\t\t\t<\/div>\n\t\t\t\t<\/div>\n\t\t\t\t\t<\/div>\n\t\t<\/div>\n\t\t\t\t\t<\/div>\n\t\t<\/section>\n\t\t\t\t<section class=\"elementor-section elementor-top-section elementor-element elementor-element-0985075 elementor-section-boxed elementor-section-height-default elementor-section-height-default\" data-id=\"0985075\" data-element_type=\"section\" data-e-type=\"section\">\n\t\t\t\t\t\t<div class=\"elementor-container elementor-column-gap-default\">\n\t\t\t\t\t<div class=\"elementor-column elementor-col-100 elementor-top-column elementor-element elementor-element-4705481\" data-id=\"4705481\" data-element_type=\"column\" data-e-type=\"column\">\n\t\t\t<div class=\"elementor-widget-wrap elementor-element-populated\">\n\t\t\t\t\t\t<div class=\"elementor-element elementor-element-1b78be5 elementor-widget elementor-widget-image\" data-id=\"1b78be5\" data-element_type=\"widget\" data-e-type=\"widget\" data-widget_type=\"image.default\">\n\t\t\t\t<div class=\"elementor-widget-container\">\n\t\t\t\t\t\t\t\t\t\t\t\t\t\t\t<img decoding=\"async\" width=\"1547\" height=\"398\" src=\"https:\/\/react4med.eu\/wp-content\/uploads\/2022\/07\/react4med_pilot_area_map_v3.jpg\" class=\"attachment-full size-full wp-image-1382\" alt=\"\" srcset=\"https:\/\/react4med.eu\/wp-content\/uploads\/2022\/07\/react4med_pilot_area_map_v3.jpg 1547w, https:\/\/react4med.eu\/wp-content\/uploads\/2022\/07\/react4med_pilot_area_map_v3-300x77.jpg 300w, https:\/\/react4med.eu\/wp-content\/uploads\/2022\/07\/react4med_pilot_area_map_v3-1024x263.jpg 1024w, https:\/\/react4med.eu\/wp-content\/uploads\/2022\/07\/react4med_pilot_area_map_v3-768x198.jpg 768w, https:\/\/react4med.eu\/wp-content\/uploads\/2022\/07\/react4med_pilot_area_map_v3-1536x395.jpg 1536w, https:\/\/react4med.eu\/wp-content\/uploads\/2022\/07\/react4med_pilot_area_map_v3-600x154.jpg 600w, https:\/\/react4med.eu\/wp-content\/uploads\/2022\/07\/react4med_pilot_area_map_v3-90x23.jpg 90w\" sizes=\"(max-width: 1547px) 100vw, 1547px\" \/>\t\t\t\t\t\t\t\t\t\t\t\t\t\t\t<\/div>\n\t\t\t\t<\/div>\n\t\t\t\t\t<\/div>\n\t\t<\/div>\n\t\t\t\t\t<\/div>\n\t\t<\/section>\n\t\t\t\t<section class=\"elementor-section elementor-top-section elementor-element elementor-element-6ef9dc6 elementor-section-boxed elementor-section-height-default elementor-section-height-default\" data-id=\"6ef9dc6\" data-element_type=\"section\" data-e-type=\"section\">\n\t\t\t\t\t\t<div class=\"elementor-container elementor-column-gap-default\">\n\t\t\t\t\t<div class=\"elementor-column elementor-col-100 elementor-top-column elementor-element elementor-element-f10e721\" data-id=\"f10e721\" data-element_type=\"column\" data-e-type=\"column\">\n\t\t\t<div class=\"elementor-widget-wrap elementor-element-populated\">\n\t\t\t\t\t\t<div class=\"elementor-element elementor-element-439821d elementor-widget elementor-widget-text-editor\" data-id=\"439821d\" data-element_type=\"widget\" data-e-type=\"widget\" data-widget_type=\"text-editor.default\">\n\t\t\t\t<div class=\"elementor-widget-container\">\n\t\t\t\t\t\t\t\t\t<p>Las acciones de restauraci\u00f3n llevadas a cabo por REAC4MED son extensas, con las respectivas \u00c1reas Piloto de Living Lab que cubren un \u00e1rea amplia (en km2).<\/p>\n\t\t\t\t\t\t\t\t<\/div>\n\t\t\t\t<\/div>\n\t\t\t\t\t<\/div>\n\t\t<\/div>\n\t\t\t\t\t<\/div>\n\t\t<\/section>\n\t\t\t\t<section class=\"elementor-section elementor-top-section elementor-element elementor-element-5aac46c elementor-section-boxed elementor-section-height-default elementor-section-height-default\" data-id=\"5aac46c\" data-element_type=\"section\" data-e-type=\"section\">\n\t\t\t\t\t\t<div class=\"elementor-container elementor-column-gap-default\">\n\t\t\t\t\t<div class=\"elementor-column elementor-col-25 elementor-top-column elementor-element elementor-element-4cdf116\" data-id=\"4cdf116\" data-element_type=\"column\" data-e-type=\"column\">\n\t\t\t<div class=\"elementor-widget-wrap elementor-element-populated\">\n\t\t\t\t\t\t<div class=\"elementor-element elementor-element-b9fd9a1 elementor-widget elementor-widget-sosso-counter-box\" data-id=\"b9fd9a1\" data-element_type=\"widget\" data-e-type=\"widget\" data-widget_type=\"sosso-counter-box.default\">\n\t\t\t\t<div class=\"elementor-widget-container\">\n\t\t\t\t\t<div class=\"features-counter text-center text-sm-left\"><span>Troodos Mountains (CY)\n<\/span><h3 class=\"title counter klb-counter\">113<\/h3><i aria-hidden=\"false\" class=\"fas fa-leaf\"><\/i><\/div>\t\t\t\t<\/div>\n\t\t\t\t<\/div>\n\t\t\t\t\t<\/div>\n\t\t<\/div>\n\t\t\t\t<div class=\"elementor-column elementor-col-25 elementor-top-column elementor-element elementor-element-a2a92fa\" data-id=\"a2a92fa\" data-element_type=\"column\" data-e-type=\"column\">\n\t\t\t<div class=\"elementor-widget-wrap elementor-element-populated\">\n\t\t\t\t\t\t<div class=\"elementor-element elementor-element-7973569 elementor-widget elementor-widget-sosso-counter-box\" data-id=\"7973569\" data-element_type=\"widget\" data-e-type=\"widget\" data-widget_type=\"sosso-counter-box.default\">\n\t\t\t\t<div class=\"elementor-widget-container\">\n\t\t\t\t\t<div class=\"features-counter text-center text-sm-left\"><span>Heraklion (GR)<\/span><h3 class=\"title counter klb-counter\">337<\/h3><i aria-hidden=\"false\" class=\"fas fa-leaf\"><\/i><\/div>\t\t\t\t<\/div>\n\t\t\t\t<\/div>\n\t\t\t\t\t<\/div>\n\t\t<\/div>\n\t\t\t\t<div class=\"elementor-column elementor-col-25 elementor-top-column elementor-element elementor-element-c76f2a5\" data-id=\"c76f2a5\" data-element_type=\"column\" data-e-type=\"column\">\n\t\t\t<div class=\"elementor-widget-wrap elementor-element-populated\">\n\t\t\t\t\t\t<div class=\"elementor-element elementor-element-4b7c681 elementor-widget elementor-widget-sosso-counter-box\" data-id=\"4b7c681\" data-element_type=\"widget\" data-e-type=\"widget\" data-widget_type=\"sosso-counter-box.default\">\n\t\t\t\t<div class=\"elementor-widget-container\">\n\t\t\t\t\t<div class=\"features-counter text-center text-sm-left\"><span>Stornara and Tarra, Apulia (IT)<\/span><h3 class=\"title counter klb-counter\">86<\/h3><i aria-hidden=\"false\" class=\"fas fa-leaf\"><\/i><\/div>\t\t\t\t<\/div>\n\t\t\t\t<\/div>\n\t\t\t\t\t<\/div>\n\t\t<\/div>\n\t\t\t\t<div class=\"elementor-column elementor-col-25 elementor-top-column elementor-element elementor-element-c09c889\" data-id=\"c09c889\" data-element_type=\"column\" data-e-type=\"column\">\n\t\t\t<div class=\"elementor-widget-wrap elementor-element-populated\">\n\t\t\t\t\t\t<div class=\"elementor-element elementor-element-acdd9c1 elementor-widget elementor-widget-sosso-counter-box\" data-id=\"acdd9c1\" data-element_type=\"widget\" data-e-type=\"widget\" data-widget_type=\"sosso-counter-box.default\">\n\t\t\t\t<div class=\"elementor-widget-container\">\n\t\t\t\t\t<div class=\"features-counter text-center text-sm-left\"><span>C\u00e0nyoles (ES)\n<\/span><h3 class=\"title counter klb-counter\">642<\/h3><i aria-hidden=\"false\" class=\"fas fa-leaf\"><\/i><\/div>\t\t\t\t<\/div>\n\t\t\t\t<\/div>\n\t\t\t\t\t<\/div>\n\t\t<\/div>\n\t\t\t\t\t<\/div>\n\t\t<\/section>\n\t\t\t\t<section class=\"elementor-section elementor-top-section elementor-element elementor-element-c21a373 elementor-section-boxed elementor-section-height-default elementor-section-height-default\" data-id=\"c21a373\" data-element_type=\"section\" data-e-type=\"section\">\n\t\t\t\t\t\t<div class=\"elementor-container elementor-column-gap-default\">\n\t\t\t\t\t<div class=\"elementor-column elementor-col-33 elementor-top-column elementor-element elementor-element-8dad6ce\" data-id=\"8dad6ce\" data-element_type=\"column\" data-e-type=\"column\">\n\t\t\t<div class=\"elementor-widget-wrap elementor-element-populated\">\n\t\t\t\t\t\t<div class=\"elementor-element elementor-element-29960f6 elementor-widget elementor-widget-sosso-counter-box\" data-id=\"29960f6\" data-element_type=\"widget\" data-e-type=\"widget\" data-widget_type=\"sosso-counter-box.default\">\n\t\t\t\t<div class=\"elementor-widget-container\">\n\t\t\t\t\t<div class=\"features-counter text-center text-sm-left\"><span>Merchouch (MO)\n<\/span><h3 class=\"title counter klb-counter\">250<\/h3><i aria-hidden=\"false\" class=\"fas fa-leaf\"><\/i><\/div>\t\t\t\t<\/div>\n\t\t\t\t<\/div>\n\t\t\t\t\t<\/div>\n\t\t<\/div>\n\t\t\t\t<div class=\"elementor-column elementor-col-33 elementor-top-column elementor-element elementor-element-5ccbdc2\" data-id=\"5ccbdc2\" data-element_type=\"column\" data-e-type=\"column\">\n\t\t\t<div class=\"elementor-widget-wrap elementor-element-populated\">\n\t\t\t\t\t\t<div class=\"elementor-element elementor-element-de6f93e elementor-widget elementor-widget-sosso-counter-box\" data-id=\"de6f93e\" data-element_type=\"widget\" data-e-type=\"widget\" data-widget_type=\"sosso-counter-box.default\">\n\t\t\t\t<div class=\"elementor-widget-container\">\n\t\t\t\t\t<div class=\"features-counter text-center text-sm-left\"><span>Bethlehem of Galilee (IL)\n<\/span><h3 class=\"title counter klb-counter\">500<\/h3><i aria-hidden=\"false\" class=\"fas fa-leaf\"><\/i><\/div>\t\t\t\t<\/div>\n\t\t\t\t<\/div>\n\t\t\t\t\t<\/div>\n\t\t<\/div>\n\t\t\t\t<div class=\"elementor-column elementor-col-33 elementor-top-column elementor-element elementor-element-da07f41\" data-id=\"da07f41\" data-element_type=\"column\" data-e-type=\"column\">\n\t\t\t<div class=\"elementor-widget-wrap elementor-element-populated\">\n\t\t\t\t\t\t<div class=\"elementor-element elementor-element-3cd98a4 elementor-widget elementor-widget-sosso-counter-box\" data-id=\"3cd98a4\" data-element_type=\"widget\" data-e-type=\"widget\" data-widget_type=\"sosso-counter-box.default\">\n\t\t\t\t<div class=\"elementor-widget-container\">\n\t\t\t\t\t<div class=\"features-counter text-center text-sm-left\"><span>Menemen (TR)<\/span><h3 class=\"title counter klb-counter\">200<\/h3><i aria-hidden=\"false\" class=\"fas fa-leaf\"><\/i><\/div>\t\t\t\t<\/div>\n\t\t\t\t<\/div>\n\t\t\t\t\t<\/div>\n\t\t<\/div>\n\t\t\t\t\t<\/div>\n\t\t<\/section>\n\t\t\t\t<section class=\"elementor-section elementor-top-section elementor-element elementor-element-ac856a3 elementor-section-boxed elementor-section-height-default elementor-section-height-default\" data-id=\"ac856a3\" data-element_type=\"section\" data-e-type=\"section\">\n\t\t\t\t\t\t<div class=\"elementor-container elementor-column-gap-default\">\n\t\t\t\t\t<div class=\"elementor-column elementor-col-100 elementor-top-column elementor-element elementor-element-fd5fecb\" data-id=\"fd5fecb\" data-element_type=\"column\" data-e-type=\"column\">\n\t\t\t<div class=\"elementor-widget-wrap elementor-element-populated\">\n\t\t\t\t\t\t<div class=\"elementor-element elementor-element-65285d5 elementor-widget elementor-widget-sosso-custom-title\" data-id=\"65285d5\" data-element_type=\"widget\" data-e-type=\"widget\" data-widget_type=\"sosso-custom-title.default\">\n\t\t\t\t<div class=\"elementor-widget-container\">\n\t\t\t\t\t<div class=\"klb-custom-title\"><span>explore REACT4MED<\/span><h3 class=\"title\">Find out more about us<\/h3><\/div>\t\t\t\t<\/div>\n\t\t\t\t<\/div>\n\t\t\t\t\t<\/div>\n\t\t<\/div>\n\t\t\t\t\t<\/div>\n\t\t<\/section>\n\t\t\t\t<section class=\"elementor-section elementor-top-section elementor-element elementor-element-1151b05 elementor-section-boxed elementor-section-height-default elementor-section-height-default\" data-id=\"1151b05\" data-element_type=\"section\" data-e-type=\"section\">\n\t\t\t\t\t\t<div class=\"elementor-container elementor-column-gap-default\">\n\t\t\t\t\t<div class=\"elementor-column elementor-col-50 elementor-top-column elementor-element elementor-element-522aa73\" data-id=\"522aa73\" data-element_type=\"column\" data-e-type=\"column\">\n\t\t\t<div class=\"elementor-widget-wrap elementor-element-populated\">\n\t\t\t\t\t\t<div class=\"elementor-element elementor-element-d1ccadb elementor-view-default elementor-position-block-start elementor-mobile-position-block-start elementor-widget elementor-widget-icon-box\" data-id=\"d1ccadb\" data-element_type=\"widget\" data-e-type=\"widget\" data-widget_type=\"icon-box.default\">\n\t\t\t\t<div class=\"elementor-widget-container\">\n\t\t\t\t\t\t\t<div class=\"elementor-icon-box-wrapper\">\n\n\t\t\t\t\t\t<div class=\"elementor-icon-box-icon\">\n\t\t\t\t<a href=\"https:\/\/react4med.eu\/es\/participantes\/\" class=\"elementor-icon\" tabindex=\"-1\" aria-label=\"Los socios\">\n\t\t\t\t<i aria-hidden=\"true\" class=\"fas fa-users\"><\/i>\t\t\t\t<\/a>\n\t\t\t<\/div>\n\t\t\t\n\t\t\t\t\t\t<div class=\"elementor-icon-box-content\">\n\n\t\t\t\t\t\t\t\t\t<h3 class=\"elementor-icon-box-title\">\n\t\t\t\t\t\t<a href=\"https:\/\/react4med.eu\/es\/participantes\/\" >\n\t\t\t\t\t\t\tLos socios\t\t\t\t\t\t<\/a>\n\t\t\t\t\t<\/h3>\n\t\t\t\t\n\t\t\t\t\t\t\t\t\t<p class=\"elementor-icon-box-description\">\n\t\t\t\t\t\tVer los miembros del consorcio REACT4MED\r\n\t\t\t\t\t<\/p>\n\t\t\t\t\n\t\t\t<\/div>\n\t\t\t\n\t\t<\/div>\n\t\t\t\t\t\t<\/div>\n\t\t\t\t<\/div>\n\t\t\t\t\t<\/div>\n\t\t<\/div>\n\t\t\t\t<div class=\"elementor-column elementor-col-50 elementor-top-column elementor-element elementor-element-9d98afb\" data-id=\"9d98afb\" data-element_type=\"column\" data-e-type=\"column\">\n\t\t\t<div class=\"elementor-widget-wrap elementor-element-populated\">\n\t\t\t\t\t\t<div class=\"elementor-element elementor-element-09894ce elementor-view-default elementor-position-block-start elementor-mobile-position-block-start elementor-widget elementor-widget-icon-box\" data-id=\"09894ce\" data-element_type=\"widget\" data-e-type=\"widget\" data-widget_type=\"icon-box.default\">\n\t\t\t\t<div class=\"elementor-widget-container\">\n\t\t\t\t\t\t\t<div class=\"elementor-icon-box-wrapper\">\n\n\t\t\t\t\t\t<div class=\"elementor-icon-box-icon\">\n\t\t\t\t<a href=\"https:\/\/react4med.eu\/es\/plan-de-trabajo\/\" class=\"elementor-icon\" tabindex=\"-1\" aria-label=\"El plan de trabajo\">\n\t\t\t\t<i aria-hidden=\"true\" class=\"fas fa-project-diagram\"><\/i>\t\t\t\t<\/a>\n\t\t\t<\/div>\n\t\t\t\n\t\t\t\t\t\t<div class=\"elementor-icon-box-content\">\n\n\t\t\t\t\t\t\t\t\t<h3 class=\"elementor-icon-box-title\">\n\t\t\t\t\t\t<a href=\"https:\/\/react4med.eu\/es\/plan-de-trabajo\/\" >\n\t\t\t\t\t\t\tEl plan de trabajo\t\t\t\t\t\t<\/a>\n\t\t\t\t\t<\/h3>\n\t\t\t\t\n\t\t\t\t\t\t\t\t\t<p class=\"elementor-icon-box-description\">\n\t\t\t\t\t\tLea c\u00f3mo se abordan los objetivos de REACT4MED\r\n\t\t\t\t\t<\/p>\n\t\t\t\t\n\t\t\t<\/div>\n\t\t\t\n\t\t<\/div>\n\t\t\t\t\t\t<\/div>\n\t\t\t\t<\/div>\n\t\t\t\t\t<\/div>\n\t\t<\/div>\n\t\t\t\t\t<\/div>\n\t\t<\/section>\n\t\t\t\t<section class=\"elementor-section elementor-top-section elementor-element elementor-element-b22be35 elementor-section-boxed elementor-section-height-default elementor-section-height-default\" data-id=\"b22be35\" data-element_type=\"section\" data-e-type=\"section\">\n\t\t\t\t\t\t<div class=\"elementor-container elementor-column-gap-default\">\n\t\t\t\t\t<div class=\"elementor-column elementor-col-100 elementor-top-column elementor-element elementor-element-28d71d5\" data-id=\"28d71d5\" data-element_type=\"column\" data-e-type=\"column\">\n\t\t\t<div class=\"elementor-widget-wrap\">\n\t\t\t\t\t\t\t<\/div>\n\t\t<\/div>\n\t\t\t\t\t<\/div>\n\t\t<\/section>\n\t\t\t\t<\/div>\n\t\t","protected":false},"excerpt":{"rendered":"<p>Acerca de REACT4MED La degradaci\u00f3n de la tierra y la desertificaci\u00f3n son amenazas importantes para el presente y el futuro de los agroecosistemas \u00e1ridos y semi\u00e1ridos del Mediterr\u00e1neo. La presi\u00f3n<\/p>\n<div class=\"read-more\"><a href=\"https:\/\/react4med.eu\/es\/el-proyecto\/\"><i class=\"fal fa-arrow-right\"><\/i>Read More<\/a><\/div>\n","protected":false},"author":1,"featured_media":0,"parent":0,"menu_order":0,"comment_status":"closed","ping_status":"closed","template":"","meta":{"footnotes":""},"class_list":["post-3158","page","type-page","status-publish","hentry"],"_links":{"self":[{"href":"https:\/\/react4med.eu\/es\/wp-json\/wp\/v2\/pages\/3158","targetHints":{"allow":["GET"]}}],"collection":[{"href":"https:\/\/react4med.eu\/es\/wp-json\/wp\/v2\/pages"}],"about":[{"href":"https:\/\/react4med.eu\/es\/wp-json\/wp\/v2\/types\/page"}],"author":[{"embeddable":true,"href":"https:\/\/react4med.eu\/es\/wp-json\/wp\/v2\/users\/1"}],"replies":[{"embeddable":true,"href":"https:\/\/react4med.eu\/es\/wp-json\/wp\/v2\/comments?post=3158"}],"version-history":[{"count":0,"href":"https:\/\/react4med.eu\/es\/wp-json\/wp\/v2\/pages\/3158\/revisions"}],"wp:attachment":[{"href":"https:\/\/react4med.eu\/es\/wp-json\/wp\/v2\/media?parent=3158"}],"curies":[{"name":"wp","href":"https:\/\/api.w.org\/{rel}","templated":true}]}}